{"id":819,"date":"2018-06-13T19:37:16","date_gmt":"2018-06-13T19:37:16","guid":{"rendered":"http:\/\/www.rigloswines.com\/filosofia-enologica\/"},"modified":"2019-01-30T13:52:53","modified_gmt":"2019-01-30T13:52:53","slug":"filosofia-enologica","status":"publish","type":"page","link":"https:\/\/www.rigloswines.com\/en\/filosofia-enologica\/","title":{"rendered":"Oenological Philosophy"},"content":{"rendered":"[vc_row type=&#8221;full_width_background&#8221; full_screen_row_position=&#8221;middle&#8221; scene_position=&#8221;center&#8221; text_color=&#8221;dark&#8221; text_align=&#8221;center&#8221; top_padding=&#8221;3%&#8221; bottom_padding=&#8221;2%&#8221; overlay_strength=&#8221;0.3&#8243;][vc_column column_padding=&#8221;no-extra-padding&#8221; column_padding_position=&#8221;all&#8221; background_color_opacity=&#8221;1&#8243; background_hover_color_opacity=&#8221;1&#8243; column_shadow=&#8221;none&#8221; width=&#8221;1\/1&#8243; tablet_text_alignment=&#8221;default&#8221; phone_text_alignment=&#8221;default&#8221; column_border_width=&#8221;none&#8221; column_border_style=&#8221;solid&#8221;][vc_column_text css_animation=&#8221;fadeInDown&#8221; max_width=&#8221;800&#8243; css=&#8221;.vc_custom_1548856393057{padding-bottom: 12px !important;}&#8221;]\n<div class=\"page\" title=\"Page 8\">\n<div class=\"section\">\n<div class=\"layoutArea\">\n<div class=\"column\">\n<h3 style=\"text-align: center;\"><em>&#8220;Each harvest is unique and an exciting challenge for the whole team.<br \/>\nCreating wine is a lifelong undertaking.\u201d<\/em><\/h3>\n<\/div>\n<\/div>\n<\/div>\n<\/div>\n[\/vc_column_text][divider line_type=&#8221;Full Width Line&#8221; line_thickness=&#8221;1&#8243; divider_color=&#8221;default&#8221; animate=&#8221;yes&#8221;][\/vc_column][\/vc_row][vc_row type=&#8221;full_width_background&#8221; full_screen_row_position=&#8221;middle&#8221; scene_position=&#8221;center&#8221; text_color=&#8221;dark&#8221; text_align=&#8221;left&#8221; bottom_padding=&#8221;7%&#8221; overlay_strength=&#8221;0.3&#8243;][vc_column column_padding=&#8221;no-extra-padding&#8221; column_padding_position=&#8221;all&#8221; background_color_opacity=&#8221;1&#8243; background_hover_color_opacity=&#8221;1&#8243; column_shadow=&#8221;none&#8221; width=&#8221;1\/1&#8243; tablet_text_alignment=&#8221;default&#8221; phone_text_alignment=&#8221;default&#8221; column_border_width=&#8221;none&#8221; column_border_style=&#8221;solid&#8221;][vc_row_inner equal_height=&#8221;yes&#8221; content_placement=&#8221;top&#8221; column_margin=&#8221;default&#8221; top_padding=&#8221;12&#8243; text_align=&#8221;left&#8221; css=&#8221;.vc_custom_1548856356797{background-color: rgba(255,255,255,0.84) !important;*background-color: rgb(255,255,255) !important;}&#8221;][vc_column_inner column_padding=&#8221;no-extra-padding&#8221; column_padding_position=&#8221;all&#8221; background_color_opacity=&#8221;1&#8243; width=&#8221;1\/2&#8243; column_border_width=&#8221;none&#8221; column_border_style=&#8221;solid&#8221;][vc_column_text css_animation=&#8221;fadeInDown&#8221; css=&#8221;.vc_custom_1528920571554{padding-top: 44px !important;padding-right: 44px !important;padding-bottom: 44px !important;padding-left: 44px !important;}&#8221;]\n<h4>We are proud that Jos\u00e9 Hern\u00e1ndez Toso is our Winemaking Director. Jos\u00e9 comes from a family with a long-standing history in viticulture: his great grandfather, Pascual Toso, was one of the Italian immigrant pioneers who founded the Argentine wine industry.<\/h4>\n[divider line_type=&#8221;No Line&#8221; custom_height=&#8221;32&#8243;]\n<p>He was recently awarded the \u201cArgentine winemaker of the year 2004\u201d honor by his industry collegues.<\/p>\n<p>He has previously worked as a winemaker in leading European wineries during six years. He was chief winemeker at J. Hofstaetter Winery in Alto Adige, Italy; winemaker at the Graf Adelmann Winery in Baden-W\u00fcrttemberg, Germany; and research associate at the Weinsberg Wine Institute, Germany.<\/p>\n<p>Jos\u00e9 received degrees in Viticulture and Oenology from the Heilbronn Institute, Germany and attendeed graduate programs in winemeking at the Weinsberg Wine Institute, Germany and the Scuola del Vino in Italy.<\/p>\n<p>We conducted his first vintage at the age of seventeen in the old family wine business, the Toso Winery.[\/vc_column_text][\/vc_column_inner][vc_column_inner column_padding=&#8221;no-extra-padding&#8221; column_padding_position=&#8221;all&#8221; background_color_opacity=&#8221;1&#8243; width=&#8221;1\/2&#8243; column_border_width=&#8221;none&#8221; column_border_style=&#8221;solid&#8221;][image_with_animation image_url=&#8221;816&#8243; alignment=&#8221;&#8221; animation=&#8221;Fade In&#8221; box_shadow=&#8221;none&#8221; max_width=&#8221;100%&#8221;][\/vc_column_inner][\/vc_row_inner][\/vc_column][\/vc_row]\n","protected":false},"excerpt":{"rendered":"<p>[vc_row type=&#8221;full_width_background&#8221; full_screen_row_position=&#8221;middle&#8221; scene_position=&#8221;center&#8221; text_color=&#8221;dark&#8221; text_align=&#8221;center&#8221; top_padding=&#8221;3%&#8221; bottom_padding=&#8221;2%&#8221; overlay_strength=&#8221;0.3&#8243;][vc_column column_padding=&#8221;no-extra-padding&#8221; column_padding_position=&#8221;all&#8221; background_color_opacity=&#8221;1&#8243; background_hover_color_opacity=&#8221;1&#8243; column_shadow=&#8221;none&#8221; width=&#8221;1\/1&#8243; tablet_text_alignment=&#8221;default&#8221; phone_text_alignment=&#8221;default&#8221; column_border_width=&#8221;none&#8221; column_border_style=&#8221;solid&#8221;][vc_column_text css_animation=&#8221;fadeInDown&#8221; max_width=&#8221;800&#8243; css=&#8221;.vc_custom_1548856393057{padding-bottom: 12px !important;}&#8221;] &#8220;Each harvest is unique and an&#8230;<\/p>\n","protected":false},"author":1,"featured_media":0,"parent":0,"menu_order":0,"comment_status":"closed","ping_status":"closed","template":"","meta":{"om_disable_all_campaigns":false,"_monsterinsights_skip_tracking":false,"_monsterinsights_sitenote_active":false,"_monsterinsights_sitenote_note":"","_monsterinsights_sitenote_category":0,"footnotes":""},"class_list":["post-819","page","type-page","status-publish"],"yoast_head":"<!-- This site is optimized with the Yoast SEO Premium plugin v21.3 (Yoast SEO v27.1.1) - https:\/\/yoast.com\/product\/yoast-seo-premium-wordpress\/ -->\n<title>Oenological Philosophy - Riglos Wines<\/title>\n<meta name=\"description\" content=\"Nuestro En\u00f3logo es el reconocido Jos\u00e9 Hern\u00e1ndez Toso. Nieto de Pascual Toso, uno de los pioneros inmigrantes que fundaron la industria del vino argentino.\" \/>\n<meta name=\"robots\" content=\"index, follow, max-snippet:-1, max-image-preview:large, max-video-preview:-1\" \/>\n<link rel=\"canonical\" href=\"https:\/\/www.rigloswines.com\/filosofia-enologica\/\" \/>\n<meta property=\"og:locale\" content=\"en_US\" \/>\n<meta property=\"og:type\" content=\"article\" \/>\n<meta property=\"og:title\" content=\"Oenological Philosophy\" \/>\n<meta property=\"og:description\" content=\"Nuestro En\u00f3logo es el reconocido Jos\u00e9 Hern\u00e1ndez Toso. Nieto de Pascual Toso, uno de los pioneros inmigrantes que fundaron la industria del vino argentino.\" \/>\n<meta property=\"og:url\" content=\"https:\/\/www.rigloswines.com\/filosofia-enologica\/\" \/>\n<meta property=\"og:site_name\" content=\"Riglos Wines\" \/>\n<meta property=\"article:publisher\" content=\"https:\/\/www.facebook.com\/RiglosWines\/\" \/>\n<meta property=\"article:modified_time\" content=\"2019-01-30T13:52:53+00:00\" \/>\n<meta name=\"twitter:card\" content=\"summary_large_image\" \/>\n<meta name=\"twitter:site\" content=\"@RiglosWines\" \/>\n<meta name=\"twitter:label1\" content=\"Est. reading time\" \/>\n\t<meta name=\"twitter:data1\" content=\"2 minutes\" \/>\n<script type=\"application\/ld+json\" class=\"yoast-schema-graph\">{\"@context\":\"https:\/\/schema.org\",\"@graph\":[{\"@type\":\"WebPage\",\"@id\":\"https:\/\/www.rigloswines.com\/filosofia-enologica\/\",\"url\":\"https:\/\/www.rigloswines.com\/filosofia-enologica\/\",\"name\":\"Oenological Philosophy - Riglos Wines\",\"isPartOf\":{\"@id\":\"https:\/\/www.rigloswines.com\/#website\"},\"datePublished\":\"2018-06-13T19:37:16+00:00\",\"dateModified\":\"2019-01-30T13:52:53+00:00\",\"description\":\"Nuestro En\u00f3logo es el reconocido Jos\u00e9 Hern\u00e1ndez Toso. Nieto de Pascual Toso, uno de los pioneros inmigrantes que fundaron la industria del vino argentino.\",\"breadcrumb\":{\"@id\":\"https:\/\/www.rigloswines.com\/filosofia-enologica\/#breadcrumb\"},\"inLanguage\":\"en-US\",\"potentialAction\":[{\"@type\":\"ReadAction\",\"target\":[\"https:\/\/www.rigloswines.com\/filosofia-enologica\/\"]}]},{\"@type\":\"BreadcrumbList\",\"@id\":\"https:\/\/www.rigloswines.com\/filosofia-enologica\/#breadcrumb\",\"itemListElement\":[{\"@type\":\"ListItem\",\"position\":1,\"name\":\"Home\",\"item\":\"https:\/\/www.rigloswines.com\/en\/\"},{\"@type\":\"ListItem\",\"position\":2,\"name\":\"Oenological Philosophy\"}]},{\"@type\":\"WebSite\",\"@id\":\"https:\/\/www.rigloswines.com\/#website\",\"url\":\"https:\/\/www.rigloswines.com\/\",\"name\":\"Riglos Wines\",\"description\":\"Gualtallary, Mendoza, Argentina\",\"potentialAction\":[{\"@type\":\"SearchAction\",\"target\":{\"@type\":\"EntryPoint\",\"urlTemplate\":\"https:\/\/www.rigloswines.com\/?s={search_term_string}\"},\"query-input\":{\"@type\":\"PropertyValueSpecification\",\"valueRequired\":true,\"valueName\":\"search_term_string\"}}],\"inLanguage\":\"en-US\"}]}<\/script>\n<!-- \/ Yoast SEO Premium plugin. -->","yoast_head_json":{"title":"Oenological Philosophy - Riglos Wines","description":"Nuestro En\u00f3logo es el reconocido Jos\u00e9 Hern\u00e1ndez Toso. Nieto de Pascual Toso, uno de los pioneros inmigrantes que fundaron la industria del vino argentino.","robots":{"index":"index","follow":"follow","max-snippet":"max-snippet:-1","max-image-preview":"max-image-preview:large","max-video-preview":"max-video-preview:-1"},"canonical":"https:\/\/www.rigloswines.com\/filosofia-enologica\/","og_locale":"en_US","og_type":"article","og_title":"Oenological Philosophy","og_description":"Nuestro En\u00f3logo es el reconocido Jos\u00e9 Hern\u00e1ndez Toso. Nieto de Pascual Toso, uno de los pioneros inmigrantes que fundaron la industria del vino argentino.","og_url":"https:\/\/www.rigloswines.com\/filosofia-enologica\/","og_site_name":"Riglos Wines","article_publisher":"https:\/\/www.facebook.com\/RiglosWines\/","article_modified_time":"2019-01-30T13:52:53+00:00","twitter_card":"summary_large_image","twitter_site":"@RiglosWines","twitter_misc":{"Est. reading time":"2 minutes"},"schema":{"@context":"https:\/\/schema.org","@graph":[{"@type":"WebPage","@id":"https:\/\/www.rigloswines.com\/filosofia-enologica\/","url":"https:\/\/www.rigloswines.com\/filosofia-enologica\/","name":"Oenological Philosophy - Riglos Wines","isPartOf":{"@id":"https:\/\/www.rigloswines.com\/#website"},"datePublished":"2018-06-13T19:37:16+00:00","dateModified":"2019-01-30T13:52:53+00:00","description":"Nuestro En\u00f3logo es el reconocido Jos\u00e9 Hern\u00e1ndez Toso. Nieto de Pascual Toso, uno de los pioneros inmigrantes que fundaron la industria del vino argentino.","breadcrumb":{"@id":"https:\/\/www.rigloswines.com\/filosofia-enologica\/#breadcrumb"},"inLanguage":"en-US","potentialAction":[{"@type":"ReadAction","target":["https:\/\/www.rigloswines.com\/filosofia-enologica\/"]}]},{"@type":"BreadcrumbList","@id":"https:\/\/www.rigloswines.com\/filosofia-enologica\/#breadcrumb","itemListElement":[{"@type":"ListItem","position":1,"name":"Home","item":"https:\/\/www.rigloswines.com\/en\/"},{"@type":"ListItem","position":2,"name":"Oenological Philosophy"}]},{"@type":"WebSite","@id":"https:\/\/www.rigloswines.com\/#website","url":"https:\/\/www.rigloswines.com\/","name":"Riglos Wines","description":"Gualtallary, Mendoza, Argentina","potentialAction":[{"@type":"SearchAction","target":{"@type":"EntryPoint","urlTemplate":"https:\/\/www.rigloswines.com\/?s={search_term_string}"},"query-input":{"@type":"PropertyValueSpecification","valueRequired":true,"valueName":"search_term_string"}}],"inLanguage":"en-US"}]}},"_links":{"self":[{"href":"https:\/\/www.rigloswines.com\/en\/wp-json\/wp\/v2\/pages\/819","targetHints":{"allow":["GET"]}}],"collection":[{"href":"https:\/\/www.rigloswines.com\/en\/wp-json\/wp\/v2\/pages"}],"about":[{"href":"https:\/\/www.rigloswines.com\/en\/wp-json\/wp\/v2\/types\/page"}],"author":[{"embeddable":true,"href":"https:\/\/www.rigloswines.com\/en\/wp-json\/wp\/v2\/users\/1"}],"replies":[{"embeddable":true,"href":"https:\/\/www.rigloswines.com\/en\/wp-json\/wp\/v2\/comments?post=819"}],"version-history":[{"count":5,"href":"https:\/\/www.rigloswines.com\/en\/wp-json\/wp\/v2\/pages\/819\/revisions"}],"predecessor-version":[{"id":845,"href":"https:\/\/www.rigloswines.com\/en\/wp-json\/wp\/v2\/pages\/819\/revisions\/845"}],"wp:attachment":[{"href":"https:\/\/www.rigloswines.com\/en\/wp-json\/wp\/v2\/media?parent=819"}],"curies":[{"name":"wp","href":"https:\/\/api.w.org\/{rel}","templated":true}]}}